{"id":40,"date":"2023-08-15T07:42:46","date_gmt":"2023-08-15T07:42:46","guid":{"rendered":"https:\/\/welcomespanishrevolution.com\/ocs2023\/?page_id=40"},"modified":"2023-10-04T07:23:31","modified_gmt":"2023-10-04T07:23:31","slug":"castilla-y-leon","status":"publish","type":"page","link":"https:\/\/welcomespanishrevolution.com\/ocs2023\/castilla-y-leon\/","title":{"rendered":"Castilla y Le\u00f3n"},"content":{"rendered":"[vc_row type=\u00bbfull_width_background\u00bb full_screen_row_position=\u00bbmiddle\u00bb column_margin=\u00bbdefault\u00bb column_direction=\u00bbdefault\u00bb column_direction_tablet=\u00bbdefault\u00bb column_direction_phone=\u00bbdefault\u00bb scene_position=\u00bbcenter\u00bb top_padding=\u00bb5%\u00bb bottom_padding=\u00bb4%\u00bb text_color=\u00bbdark\u00bb text_align=\u00bbleft\u00bb row_border_radius=\u00bbnone\u00bb row_border_radius_applies=\u00bbbg\u00bb overflow=\u00bbvisible\u00bb overlay_strength=\u00bb0.3&#8243; gradient_direction=\u00bbleft_to_right\u00bb shape_divider_position=\u00bbbottom\u00bb bg_image_animation=\u00bbnone\u00bb shape_type=\u00bbfan\u00bb gradient_type=\u00bbdefault\u00bb][vc_column column_padding=\u00bbno-extra-padding\u00bb column_padding_tablet=\u00bbinherit\u00bb column_padding_phone=\u00bbinherit\u00bb column_padding_position=\u00bball\u00bb column_element_direction_desktop=\u00bbdefault\u00bb column_element_spacing=\u00bbdefault\u00bb desktop_text_alignment=\u00bbdefault\u00bb tablet_text_alignment=\u00bbdefault\u00bb phone_text_alignment=\u00bbdefault\u00bb background_color_opacity=\u00bb1&#8243; background_hover_color_opacity=\u00bb1&#8243; column_backdrop_filter=\u00bbnone\u00bb column_shadow=\u00bbnone\u00bb column_border_radius=\u00bbnone\u00bb column_link_target=\u00bb_self\u00bb column_position=\u00bbdefault\u00bb gradient_direction=\u00bbleft_to_right\u00bb overlay_strength=\u00bb0.3&#8243; width=\u00bb1\/4&#8243; tablet_width_inherit=\u00bbdefault\u00bb animation_type=\u00bbdefault\u00bb bg_image_animation=\u00bbnone\u00bb border_type=\u00bbsimple\u00bb column_border_width=\u00bbnone\u00bb column_border_style=\u00bbsolid\u00bb][\/vc_column][vc_column column_padding=\u00bbno-extra-padding\u00bb column_padding_tablet=\u00bbinherit\u00bb column_padding_phone=\u00bbinherit\u00bb column_padding_position=\u00bball\u00bb column_element_direction_desktop=\u00bbdefault\u00bb column_element_spacing=\u00bbdefault\u00bb desktop_text_alignment=\u00bbdefault\u00bb tablet_text_alignment=\u00bbdefault\u00bb phone_text_alignment=\u00bbdefault\u00bb background_color_opacity=\u00bb1&#8243; background_hover_color_opacity=\u00bb1&#8243; column_backdrop_filter=\u00bbnone\u00bb column_shadow=\u00bbnone\u00bb column_border_radius=\u00bbnone\u00bb column_link_target=\u00bb_self\u00bb column_position=\u00bbdefault\u00bb gradient_direction=\u00bbleft_to_right\u00bb overlay_strength=\u00bb0.3&#8243; width=\u00bb1\/2&#8243; tablet_width_inherit=\u00bbdefault\u00bb animation_type=\u00bbdefault\u00bb bg_image_animation=\u00bbnone\u00bb border_type=\u00bbsimple\u00bb column_border_width=\u00bbnone\u00bb column_border_style=\u00bbsolid\u00bb][nectar_highlighted_text color_type=\u00bbregular\u00bb highlight_color=\u00bb#ccab5e\u00bb style=\u00bbhalf_text\u00bb]\n<h2 style=\"text-align: center;\"><span style=\"font-weight: 400;\">Colonizaci\u00f3n franquista y vaciamiento capitalista<\/span><\/h2>\n[\/nectar_highlighted_text][\/vc_column][vc_column column_padding=\u00bbno-extra-padding\u00bb column_padding_tablet=\u00bbinherit\u00bb column_padding_phone=\u00bbinherit\u00bb column_padding_position=\u00bball\u00bb column_element_direction_desktop=\u00bbdefault\u00bb column_element_spacing=\u00bbdefault\u00bb desktop_text_alignment=\u00bbdefault\u00bb tablet_text_alignment=\u00bbdefault\u00bb phone_text_alignment=\u00bbdefault\u00bb background_color_opacity=\u00bb1&#8243; background_hover_color_opacity=\u00bb1&#8243; column_backdrop_filter=\u00bbnone\u00bb column_shadow=\u00bbnone\u00bb column_border_radius=\u00bbnone\u00bb column_link_target=\u00bb_self\u00bb column_position=\u00bbdefault\u00bb gradient_direction=\u00bbleft_to_right\u00bb overlay_strength=\u00bb0.3&#8243; width=\u00bb1\/4&#8243; tablet_width_inherit=\u00bbdefault\u00bb animation_type=\u00bbdefault\u00bb bg_image_animation=\u00bbnone\u00bb border_type=\u00bbsimple\u00bb column_border_width=\u00bbnone\u00bb column_border_style=\u00bbsolid\u00bb][\/vc_column][\/vc_row][vc_row type=\u00bbfull_width_content\u00bb full_screen_row_position=\u00bbmiddle\u00bb column_margin=\u00bb90px\u00bb equal_height=\u00bbyes\u00bb content_placement=\u00bbtop\u00bb column_direction=\u00bbdefault\u00bb column_direction_tablet=\u00bbdefault\u00bb column_direction_phone=\u00bbdefault\u00bb bg_color=\u00bb#85af89&#8243; scene_position=\u00bbcenter\u00bb top_padding=\u00bb2%\u00bb bottom_padding=\u00bb2%\u00bb left_padding_desktop=\u00bb5%\u00bb constrain_group_2=\u00bbyes\u00bb right_padding_desktop=\u00bb5%\u00bb left_padding_tablet=\u00bb20%\u00bb constrain_group_4=\u00bbyes\u00bb right_padding_tablet=\u00bb20%\u00bb left_padding_phone=\u00bb24px\u00bb constrain_group_6=\u00bbyes\u00bb right_padding_phone=\u00bb24px\u00bb text_color=\u00bbdark\u00bb text_align=\u00bbleft\u00bb row_border_radius=\u00bbnone\u00bb row_border_radius_applies=\u00bbbg\u00bb zindex=\u00bb10&#8243; overflow=\u00bbvisible\u00bb color_overlay=\u00bb#77a17d\u00bb color_overlay_2=\u00bbrgba(182,101,84,0.61)\u00bb advanced_gradient_angle=\u00bb0&#8243; overlay_strength=\u00bb0.8&#8243; gradient_direction=\u00bbtop_to_bottom\u00bb shape_divider_position=\u00bbbottom\u00bb bg_image_animation=\u00bbnone\u00bb parallax_bg=\u00bbtrue\u00bb parallax_bg_speed=\u00bbfast\u00bb shape_type=\u00bb\u00bb gradient_type=\u00bbdefault\u00bb][vc_column column_padding=\u00bbno-extra-padding\u00bb column_padding_tablet=\u00bbinherit\u00bb column_padding_phone=\u00bbinherit\u00bb column_padding_position=\u00bbright\u00bb column_element_direction_desktop=\u00bbdefault\u00bb column_element_spacing=\u00bbdefault\u00bb desktop_text_alignment=\u00bbdefault\u00bb tablet_text_alignment=\u00bbdefault\u00bb phone_text_alignment=\u00bbdefault\u00bb sticky_content=\u00bbtrue\u00bb sticky_content_functionality=\u00bbjs\u00bb background_color_opacity=\u00bb1&#8243; background_hover_color_opacity=\u00bb1&#8243; column_backdrop_filter=\u00bbnone\u00bb column_shadow=\u00bbnone\u00bb column_border_radius=\u00bbnone\u00bb column_link_target=\u00bb_self\u00bb column_position=\u00bbdefault\u00bb advanced_gradient_angle=\u00bb0&#8243; gradient_direction=\u00bbleft_to_right\u00bb overlay_strength=\u00bb0.3&#8243; width=\u00bb1\/2&#8243; tablet_width_inherit=\u00bbdefault\u00bb animation_type=\u00bbdefault\u00bb bg_image_animation=\u00bbnone\u00bb border_type=\u00bbsimple\u00bb column_border_width=\u00bbnone\u00bb column_border_style=\u00bbsolid\u00bb gradient_type=\u00bbdefault\u00bb column_padding_type=\u00bbdefault\u00bb][vc_raw_html]JTVCcHV0X3dwZ20lMjBpZCUzRDIlNUQ=[\/vc_raw_html][\/vc_column][vc_column column_padding=\u00bbno-extra-padding\u00bb column_padding_tablet=\u00bbinherit\u00bb column_padding_phone=\u00bbinherit\u00bb column_padding_position=\u00bball\u00bb column_element_direction_desktop=\u00bbdefault\u00bb column_element_spacing=\u00bbdefault\u00bb desktop_text_alignment=\u00bbdefault\u00bb tablet_text_alignment=\u00bbdefault\u00bb phone_text_alignment=\u00bbdefault\u00bb background_color_opacity=\u00bb1&#8243; background_hover_color_opacity=\u00bb1&#8243; column_backdrop_filter=\u00bbnone\u00bb column_shadow=\u00bbnone\u00bb column_border_radius=\u00bbnone\u00bb column_link_target=\u00bb_self\u00bb column_position=\u00bbdefault\u00bb gradient_direction=\u00bbleft_to_right\u00bb overlay_strength=\u00bb0.3&#8243; width=\u00bb1\/2&#8243; tablet_width_inherit=\u00bbdefault\u00bb animation_type=\u00bbdefault\u00bb bg_image_animation=\u00bbnone\u00bb border_type=\u00bbsimple\u00bb column_border_width=\u00bbnone\u00bb column_border_style=\u00bbsolid\u00bb][vc_row_inner column_margin=\u00bbdefault\u00bb column_direction=\u00bbdefault\u00bb column_direction_tablet=\u00bbdefault\u00bb column_direction_phone=\u00bbdefault\u00bb text_align=\u00bbleft\u00bb row_position=\u00bbdefault\u00bb row_position_tablet=\u00bbinherit\u00bb row_position_phone=\u00bbinherit\u00bb overflow=\u00bbvisible\u00bb pointer_events=\u00bball\u00bb][vc_column_inner column_padding=\u00bbno-extra-padding\u00bb column_padding_tablet=\u00bbinherit\u00bb column_padding_phone=\u00bbinherit\u00bb column_padding_position=\u00bball\u00bb bottom_margin=\u00bb60&#8243; column_element_direction_desktop=\u00bbdefault\u00bb column_element_spacing=\u00bbdefault\u00bb desktop_text_alignment=\u00bbright\u00bb tablet_text_alignment=\u00bbdefault\u00bb phone_text_alignment=\u00bbdefault\u00bb background_color_opacity=\u00bb1&#8243; background_hover_color_opacity=\u00bb1&#8243; column_backdrop_filter=\u00bbnone\u00bb column_shadow=\u00bbnone\u00bb column_border_radius=\u00bbnone\u00bb column_link_target=\u00bb_self\u00bb overflow=\u00bbvisible\u00bb gradient_direction=\u00bbleft_to_right\u00bb overlay_strength=\u00bb0.3&#8243; width=\u00bb1\/1&#8243; tablet_width_inherit=\u00bbdefault\u00bb animation_type=\u00bbdefault\u00bb bg_image_animation=\u00bbnone\u00bb border_type=\u00bbsimple\u00bb column_border_width=\u00bbnone\u00bb column_border_style=\u00bbsolid\u00bb column_padding_type=\u00bbdefault\u00bb gradient_type=\u00bbdefault\u00bb][nectar_btn size=\u00bblarge\u00bb button_style=\u00bbregular\u00bb button_color_2=\u00bbAccent-Color\u00bb color_override=\u00bb#dcb860&#8243; solid_text_color_override=\u00bb#000000&#8243; icon_family=\u00bbsteadysets\u00bb text=\u00bbCuaderno de viaje colectivo\u00bb url=\u00bb\/cuaderno-de-viaje-colectivo\/\u00bb icon_steadysets=\u00bbsteadysets-icon-bookmark\u00bb][\/vc_column_inner][\/vc_row_inner][nectar_badge display_tag=\u00bbbody\u00bb badge_style=\u00bbdefault\u00bb bg_color_type=\u00bbglobal\u00bb color=\u00bbaccent-color\u00bb text_color=\u00bb#ffffff\u00bb padding=\u00bbsmall\u00bb border_radius=\u00bb0px\u00bb display=\u00bbblock\u00bb text=\u00bbJueves 28 de septiembre &#8211; Valladolid\u00bb margin_bottom=\u00bb20&#8243;][vc_column_text]<span style=\"font-weight: 400;\">Proyecci\u00f3n de <a href=\"https:\/\/welcomespanishrevolution.com\/ocs2023\/el-cielo-gira\/\">El cielo gira<\/a> (Aula Mergelina, Universidad de Valladolid) y conversaci\u00f3n con <a href=\"https:\/\/welcomespanishrevolution.com\/ocs2023\/mercedes-alvarez\/\">Mercedes \u00c1lvarez<\/a>.<\/span>[\/vc_column_text][nectar_badge display_tag=\u00bbbody\u00bb badge_style=\u00bbdefault\u00bb bg_color_type=\u00bbglobal\u00bb color=\u00bbaccent-color\u00bb text_color=\u00bb#ffffff\u00bb padding=\u00bbsmall\u00bb border_radius=\u00bb0px\u00bb display=\u00bbblock\u00bb text=\u00bbViernes 29 de septiembre &#8211; Valladolid\u00bb][vc_column_text]<span style=\"font-weight: 400;\"><strong>10-12:30h.<\/strong> Taller en la Huella Verde\u00a0 (Educaci\u00f3n en el paisaje, restauraci\u00f3n natural) con <a href=\"https:\/\/welcomespanishrevolution.com\/ocs2023\/joaquin-romano-velasco\/\">Joaqu\u00edn Romano<\/a>.<\/span><\/p>\n<p><strong>12:30-14:30h.<\/strong> <span style=\"font-weight: 400;\">Comida de degustaci\u00f3n de productos ecol\u00f3gicos locales (consumo de proximidad) en la Huella Verde.<\/span><\/p>\n<p><strong>14:30-16:30h.<\/strong> <span style=\"font-weight: 400;\">Visita al pueblo de colonizaci\u00f3n <a href=\"https:\/\/welcomespanishrevolution.com\/ocs2023\/san-bernardo-espina\/\">San Bernardo-Espina. <\/a><\/span><span style=\"font-weight: 400;\">Para comprender la idea de estos pueblos de colonizaci\u00f3n puede <a href=\"https:\/\/www.muyinteresante.es\/historia\/36482.html\" target=\"_blank\" rel=\"noopener\">verse<\/a>.<\/span>[\/vc_column_text][vc_column_text css=\u00bb.vc_custom_1695127424840{padding-bottom: 20px !important;}\u00bb]<strong>19h.<\/strong> Paseo por la ciudad de Valladolid[\/vc_column_text][divider line_type=\u00bbNo Line\u00bb custom_height=\u00bb35&#8243;][nectar_badge display_tag=\u00bbbody\u00bb badge_style=\u00bbdefault\u00bb bg_color_type=\u00bbglobal\u00bb color=\u00bbaccent-color\u00bb text_color=\u00bb#ffffff\u00bb padding=\u00bbsmall\u00bb border_radius=\u00bb0px\u00bb display=\u00bbblock\u00bb text=\u00bbS\u00e1bado 30 septiembre | Le\u00f3n\u00bb][vc_column_text]<b>7-7:30h. <\/b><span style=\"font-weight: 400;\">Desayuno<\/span><\/p>\n<p><b>8h. <\/b><span style=\"font-weight: 400;\">Salida a las 8:00 am direcci\u00f3n Ci\u00f1era (Le\u00f3n)\u00a0 Llegada 10:30 am.<\/span><\/p>\n<p><b>11h. <\/b><span style=\"font-weight: 400;\">Visita guiada por Ci\u00f1era.\u00a0<\/span><\/p>\n<p><i><span style=\"font-weight: 400;\">El desmantelamiento del tejido industrial. <\/span><\/i><span style=\"font-weight: 400;\">Visita por las inmediaciones del Pozo Aurelio y el pueblo de Ci\u00f1era con Mercedes Ord\u00e1s. Vecina de Ci\u00f1era y co-autora de <a href=\"https:\/\/welcomespanishrevolution.com\/ocs2023\/puta-mina\/\">Puta Mina.<\/a><\/span><\/p>\n<p><b>12h. <\/b><span style=\"font-weight: 400;\">Visionado de\u00a0 \u201c<a href=\"https:\/\/welcomespanishrevolution.com\/ocs2023\/puta-mina\/\">Puta Mina<\/a>\u201d (2018. 59\u2019).\u00a0<\/span><\/p>\n<p><span style=\"font-weight: 400;\">Debate con las co-autoras <\/span><span style=\"font-weight: 400;\">Laura Alonso, Raquel Balbuena, <a href=\"https:\/\/welcomespanishrevolution.com\/ocs2023\/chus-dominguez\/\">Chus Dom\u00ednguez<\/a>, Mari Fern\u00e1ndez, \u00c1urea Gonz\u00e1lez, <a href=\"https:\/\/welcomespanishrevolution.com\/ocs2023\/belen-sola\/\">Bel\u00e9n Sola<\/a> y <a href=\"https:\/\/welcomespanishrevolution.com\/ocs2023\/co-autoras-puta-mina\/\">Mercedes Ord\u00e1s<\/a>.<\/span><\/p>\n<p><span style=\"font-weight: 400;\">Lugar: <\/span><span style=\"font-weight: 400;\">Hogar del jubilado. Ci\u00f1era.\u00a0<\/span><\/p>\n<p><b>15h.<\/b><span style=\"font-weight: 400;\"> Comida en Restaurante \u201cLa Hornaguera\u201d.\u00a0<\/span><\/p>\n<p><b>17h. <\/b><span style=\"font-weight: 400;\">Salida de Ci\u00f1era hacia Le\u00f3n.<\/span><\/p>\n<p><b>18h. <\/b><span style=\"font-weight: 400;\">Llegada al hotel.<\/span><\/p>\n<p><span style=\"font-weight: 400;\">Tarde libre por la ciudad de Le\u00f3n. Recomendamos ir de tapeo por Le\u00f3n. Barrios Rom\u00e1ntico y H\u00famedo.<\/span>[\/vc_column_text][divider line_type=\u00bbNo Line\u00bb custom_height=\u00bb35&#8243;][nectar_badge display_tag=\u00bbbody\u00bb badge_style=\u00bbdefault\u00bb bg_color_type=\u00bbglobal\u00bb color=\u00bbaccent-color\u00bb text_color=\u00bb#ffffff\u00bb padding=\u00bbsmall\u00bb border_radius=\u00bb0px\u00bb display=\u00bbblock\u00bb text=\u00bbDomingo 1 octubre | Le\u00f3n\u00bb][vc_column_text]<b>9:30h. <\/b>Salida del hotel<\/p>\n<p><b>10h.<\/b><span style=\"font-weight: 400;\">Visita a la comarca de La Sobarriba. Explicaci\u00f3n del proyecto comunal <a href=\"https:\/\/welcomespanishrevolution.com\/ocs2023\/narrativas-solares\/\">\u201cNarrativas Solares<\/a>\u201d.\u00a0 Con <a href=\"https:\/\/welcomespanishrevolution.com\/ocs2023\/alfredo-escapa\/\">Alfredo Escapa<\/a> (mediador)\u00a0 y Marta Alaiz, Carolina Bartolom\u00e9, Daniela Castresani, Marina Castro, Fran de la Calzada, Carlos Padilla y Aurora Panizo (vecinxs de la comarca)\u00a0<\/span><\/p>\n<p><b>11:30h-12h.<\/b><span style=\"font-weight: 400;\"> Pausa caf\u00e9 y filand\u00f3n con el grupo. Recordando un concejo abierto<\/span><\/p>\n<p><b>13h. <\/b><span style=\"font-weight: 400;\">Salida desde Villavente a Sahechores.\u00a0<\/span><\/p>\n<p><span style=\"font-weight: 400;\">Avistamiento del Canal alto de los Payuelos como infraestructura que habla del extractivismo y desposesi\u00f3n de los pueblos. Este canal es una obra de ingenier\u00eda civil que se inaugur\u00f3 en 1993. Dicho canal discurre 72,6 kil\u00f3metros \u00edntegramente en la provincia de Le\u00f3n, permitiendo el riego de 6.000 hect\u00e1reas con agua dulce proveniente del <\/span><b>embalse de Ria\u00f1o.<\/b><\/p>\n<p><b>14h.<\/b><span style=\"font-weight: 400;\"> Comida en Mansilla de las Mulas, Le\u00f3n<\/span><\/p>\n<p><b>15:30. <\/b><span style=\"font-weight: 400;\">Salida hacia Le\u00f3n.<\/span><\/p>\n<p><b>16- 17h <\/b><span style=\"font-weight: 400;\">Descanso en el hotel<\/span><\/p>\n<p><b>17:30- 18:30h. <\/b><span style=\"font-weight: 400;\">Visita y di\u00e1logo en el MUSAC. Programar cultura con la comunidad: el museo situado. Con <a href=\"https:\/\/welcomespanishrevolution.com\/ocs2023\/belen-sola\/\">Bel\u00e9n Sola<\/a>, (Jefa del Departamento de Educaci\u00f3n de MUSAC entre 2005-2020)<\/span><\/p>\n<p><b>19- 20:30h. <\/b><span style=\"font-weight: 400;\">Visita por la ciudad con Alvaro L\u00f3pez.<\/span><b> Del MUSAC a la Catedral de Le\u00f3n, <\/b><span style=\"font-weight: 400;\">dos hitos patrimoniales que narran el devenir de Le\u00f3n en los \u00faltimos 20 a\u00f1os de pol\u00edticas neoliberales en la ciudad: Las industrias culturales y la turistizaci\u00f3n del patrimonio cultural. Este recorrido, visitando en el camino otros grandes hitos de la ciudad como el Parador de San Marcos, la casa Botines o San Isidoro de Le\u00f3n, ser\u00e1 narrado por <a href=\"https:\/\/welcomespanishrevolution.com\/ocs2023\/alvaro-lopez-serrano\/\">\u00c1lvaro L\u00f3pez<\/a>, un joven de 27 a\u00f1os guionista y director de escena, migrado a Madrid ante la falta de oportunidades laborales en el mundo de la cultura en Le\u00f3n.\u00a0<\/span>[\/vc_column_text][\/vc_column][\/vc_row][vc_row type=\u00bbin_container\u00bb full_screen_row_position=\u00bbmiddle\u00bb column_margin=\u00bbdefault\u00bb column_direction=\u00bbdefault\u00bb column_direction_tablet=\u00bbdefault\u00bb column_direction_phone=\u00bbdefault\u00bb scene_position=\u00bbcenter\u00bb text_color=\u00bbdark\u00bb text_align=\u00bbleft\u00bb row_border_radius=\u00bbnone\u00bb row_border_radius_applies=\u00bbbg\u00bb overflow=\u00bbvisible\u00bb overlay_strength=\u00bb0.3&#8243; gradient_direction=\u00bbleft_to_right\u00bb shape_divider_position=\u00bbbottom\u00bb bg_image_animation=\u00bbnone\u00bb][vc_column column_padding=\u00bbno-extra-padding\u00bb column_padding_tablet=\u00bbinherit\u00bb column_padding_phone=\u00bbinherit\u00bb column_padding_position=\u00bball\u00bb column_element_direction_desktop=\u00bbdefault\u00bb column_element_spacing=\u00bbdefault\u00bb desktop_text_alignment=\u00bbdefault\u00bb tablet_text_alignment=\u00bbdefault\u00bb phone_text_alignment=\u00bbdefault\u00bb background_color_opacity=\u00bb1&#8243; background_hover_color_opacity=\u00bb1&#8243; column_backdrop_filter=\u00bbnone\u00bb column_shadow=\u00bbnone\u00bb column_border_radius=\u00bbnone\u00bb column_link_target=\u00bb_self\u00bb column_position=\u00bbdefault\u00bb gradient_direction=\u00bbleft_to_right\u00bb overlay_strength=\u00bb0.3&#8243; width=\u00bb1\/1&#8243; tablet_width_inherit=\u00bbdefault\u00bb animation_type=\u00bbdefault\u00bb bg_image_animation=\u00bbnone\u00bb border_type=\u00bbsimple\u00bb column_border_width=\u00bbnone\u00bb column_border_style=\u00bbsolid\u00bb][nectar_post_grid post_type=\u00bbcustom\u00bb cpt_name=\u00bbpost\u00bb order=\u00bbASC\u00bb orderby=\u00bbtitle\u00bb pagination=\u00bbnone\u00bb grid_item_spacing=\u00bb25px\u00bb enable_sortable=\u00bbyes\u00bb sortable_alignment=\u00bbdefault\u00bb sortable_color=\u00bbdefault\u00bb image_size=\u00bbportfolio-thumb_large\u00bb image_loading=\u00bbdefault\u00bb animation=\u00bbfade-in-from-bottom\u00bb animation_stagger=\u00bb90&#8243; animation_easing=\u00bbdefault\u00bb heading_tag=\u00bbh4&#8243; additional_meta_size=\u00bbdefault\u00bb grid_style=\u00bbvertical_list\u00bb vertical_list_hover_effect=\u00bbslight_move\u00bb vertical_list_border_color=\u00bb#000000&#8243; text_color=\u00bbdark\u00bb posts_per_page=\u00bb20&#8243; display_type=\u00bbgrid\u00bb custom_query_tax=\u00bb10, 13, 14&#8243;][\/vc_column][\/vc_row]\n","protected":false},"excerpt":{"rendered":"<p>[vc_row type=\u00bbfull_width_background\u00bb full_screen_row_position=\u00bbmiddle\u00bb column_margin=\u00bbdefault\u00bb column_direction=\u00bbdefault\u00bb column_direction_tablet=\u00bbdefault\u00bb column_direction_phone=\u00bbdefault\u00bb scene_position=\u00bbcenter\u00bb top_padding=\u00bb5%\u00bb bottom_padding=\u00bb4%\u00bb text_color=\u00bbdark\u00bb text_align=\u00bbleft\u00bb row_border_radius=\u00bbnone\u00bb row_border_radius_applies=\u00bbbg\u00bb overflow=\u00bbvisible\u00bb overlay_strength=\u00bb0.3&#8243; gradient_direction=\u00bbleft_to_right\u00bb shape_divider_position=\u00bbbottom\u00bb bg_image_animation=\u00bbnone\u00bb shape_type=\u00bbfan\u00bb gradient_type=\u00bbdefault\u00bb][vc_column column_padding=\u00bbno-extra-padding\u00bb column_padding_tablet=\u00bbinherit\u00bb column_padding_phone=\u00bbinherit\u00bb column_padding_position=\u00bball\u00bb column_element_direction_desktop=\u00bbdefault\u00bb column_element_spacing=\u00bbdefault\u00bb desktop_text_alignment=\u00bbdefault\u00bb tablet_text_alignment=\u00bbdefault\u00bb phone_text_alignment=\u00bbdefault\u00bb&#8230;<\/p>\n","protected":false},"author":2,"featured_media":0,"parent":0,"menu_order":0,"comment_status":"closed","ping_status":"closed","template":"","meta":{"footnotes":""},"class_list":["post-40","page","type-page","status-publish"],"_links":{"self":[{"href":"https:\/\/welcomespanishrevolution.com\/ocs2023\/wp-json\/wp\/v2\/pages\/40","targetHints":{"allow":["GET"]}}],"collection":[{"href":"https:\/\/welcomespanishrevolution.com\/ocs2023\/wp-json\/wp\/v2\/pages"}],"about":[{"href":"https:\/\/welcomespanishrevolution.com\/ocs2023\/wp-json\/wp\/v2\/types\/page"}],"author":[{"embeddable":true,"href":"https:\/\/welcomespanishrevolution.com\/ocs2023\/wp-json\/wp\/v2\/users\/2"}],"replies":[{"embeddable":true,"href":"https:\/\/welcomespanishrevolution.com\/ocs2023\/wp-json\/wp\/v2\/comments?post=40"}],"version-history":[{"count":126,"href":"https:\/\/welcomespanishrevolution.com\/ocs2023\/wp-json\/wp\/v2\/pages\/40\/revisions"}],"predecessor-version":[{"id":550,"href":"https:\/\/welcomespanishrevolution.com\/ocs2023\/wp-json\/wp\/v2\/pages\/40\/revisions\/550"}],"wp:attachment":[{"href":"https:\/\/welcomespanishrevolution.com\/ocs2023\/wp-json\/wp\/v2\/media?parent=40"}],"curies":[{"name":"wp","href":"https:\/\/api.w.org\/{rel}","templated":true}]}}