{"id":354,"date":"2023-09-02T09:21:11","date_gmt":"2023-09-02T09:21:11","guid":{"rendered":"https:\/\/welcomespanishrevolution.com\/ocs2023\/?page_id=354"},"modified":"2023-10-29T11:18:24","modified_gmt":"2023-10-29T11:18:24","slug":"barcelona","status":"publish","type":"page","link":"https:\/\/welcomespanishrevolution.com\/ocs2023\/barcelona\/","title":{"rendered":"Barcelona"},"content":{"rendered":"[vc_row type=\u00bbfull_width_background\u00bb full_screen_row_position=\u00bbmiddle\u00bb column_margin=\u00bbdefault\u00bb column_direction=\u00bbdefault\u00bb column_direction_tablet=\u00bbdefault\u00bb column_direction_phone=\u00bbdefault\u00bb scene_position=\u00bbcenter\u00bb top_padding=\u00bb5%\u00bb bottom_padding=\u00bb4%\u00bb text_color=\u00bbdark\u00bb text_align=\u00bbleft\u00bb row_border_radius=\u00bbnone\u00bb row_border_radius_applies=\u00bbbg\u00bb overflow=\u00bbvisible\u00bb overlay_strength=\u00bb0.3&#8243; gradient_direction=\u00bbleft_to_right\u00bb shape_divider_position=\u00bbbottom\u00bb bg_image_animation=\u00bbnone\u00bb shape_type=\u00bbfan\u00bb gradient_type=\u00bbdefault\u00bb][vc_column column_padding=\u00bbno-extra-padding\u00bb column_padding_tablet=\u00bbinherit\u00bb column_padding_phone=\u00bbinherit\u00bb column_padding_position=\u00bball\u00bb column_element_direction_desktop=\u00bbdefault\u00bb column_element_spacing=\u00bbdefault\u00bb desktop_text_alignment=\u00bbdefault\u00bb tablet_text_alignment=\u00bbdefault\u00bb phone_text_alignment=\u00bbdefault\u00bb background_color_opacity=\u00bb1&#8243; background_hover_color_opacity=\u00bb1&#8243; column_backdrop_filter=\u00bbnone\u00bb column_shadow=\u00bbnone\u00bb column_border_radius=\u00bbnone\u00bb column_link_target=\u00bb_self\u00bb column_position=\u00bbdefault\u00bb gradient_direction=\u00bbleft_to_right\u00bb overlay_strength=\u00bb0.3&#8243; width=\u00bb1\/4&#8243; tablet_width_inherit=\u00bbdefault\u00bb animation_type=\u00bbdefault\u00bb bg_image_animation=\u00bbnone\u00bb border_type=\u00bbsimple\u00bb column_border_width=\u00bbnone\u00bb column_border_style=\u00bbsolid\u00bb][\/vc_column][vc_column column_padding=\u00bbno-extra-padding\u00bb column_padding_tablet=\u00bbinherit\u00bb column_padding_phone=\u00bbinherit\u00bb column_padding_position=\u00bball\u00bb column_element_direction_desktop=\u00bbdefault\u00bb column_element_spacing=\u00bbdefault\u00bb desktop_text_alignment=\u00bbdefault\u00bb tablet_text_alignment=\u00bbdefault\u00bb phone_text_alignment=\u00bbdefault\u00bb background_color_opacity=\u00bb1&#8243; background_hover_color_opacity=\u00bb1&#8243; column_backdrop_filter=\u00bbnone\u00bb column_shadow=\u00bbnone\u00bb column_border_radius=\u00bbnone\u00bb column_link_target=\u00bb_self\u00bb column_position=\u00bbdefault\u00bb gradient_direction=\u00bbleft_to_right\u00bb overlay_strength=\u00bb0.3&#8243; width=\u00bb1\/2&#8243; tablet_width_inherit=\u00bbdefault\u00bb animation_type=\u00bbdefault\u00bb bg_image_animation=\u00bbnone\u00bb border_type=\u00bbsimple\u00bb column_border_width=\u00bbnone\u00bb column_border_style=\u00bbsolid\u00bb][nectar_highlighted_text color_type=\u00bbregular\u00bb highlight_color=\u00bb#ccab5e\u00bb style=\u00bbhalf_text\u00bb]\n<h2 style=\"text-align: center;\"><span style=\"font-weight: 400;\">Laboratorio pol\u00edtico-ciudadano<\/span><\/h2>\n[\/nectar_highlighted_text][\/vc_column][vc_column column_padding=\u00bbno-extra-padding\u00bb column_padding_tablet=\u00bbinherit\u00bb column_padding_phone=\u00bbinherit\u00bb column_padding_position=\u00bball\u00bb column_element_direction_desktop=\u00bbdefault\u00bb column_element_spacing=\u00bbdefault\u00bb desktop_text_alignment=\u00bbdefault\u00bb tablet_text_alignment=\u00bbdefault\u00bb phone_text_alignment=\u00bbdefault\u00bb background_color_opacity=\u00bb1&#8243; background_hover_color_opacity=\u00bb1&#8243; column_backdrop_filter=\u00bbnone\u00bb column_shadow=\u00bbnone\u00bb column_border_radius=\u00bbnone\u00bb column_link_target=\u00bb_self\u00bb column_position=\u00bbdefault\u00bb gradient_direction=\u00bbleft_to_right\u00bb overlay_strength=\u00bb0.3&#8243; width=\u00bb1\/4&#8243; tablet_width_inherit=\u00bbdefault\u00bb animation_type=\u00bbdefault\u00bb bg_image_animation=\u00bbnone\u00bb border_type=\u00bbsimple\u00bb column_border_width=\u00bbnone\u00bb column_border_style=\u00bbsolid\u00bb][\/vc_column][\/vc_row][vc_row type=\u00bbfull_width_content\u00bb full_screen_row_position=\u00bbmiddle\u00bb column_margin=\u00bb90px\u00bb equal_height=\u00bbyes\u00bb content_placement=\u00bbtop\u00bb column_direction=\u00bbdefault\u00bb column_direction_tablet=\u00bbdefault\u00bb column_direction_phone=\u00bbdefault\u00bb bg_color=\u00bb#85af89&#8243; scene_position=\u00bbcenter\u00bb top_padding=\u00bb2%\u00bb bottom_padding=\u00bb2%\u00bb left_padding_desktop=\u00bb5%\u00bb constrain_group_2=\u00bbyes\u00bb right_padding_desktop=\u00bb5%\u00bb left_padding_tablet=\u00bb20%\u00bb constrain_group_4=\u00bbyes\u00bb right_padding_tablet=\u00bb20%\u00bb left_padding_phone=\u00bb24px\u00bb constrain_group_6=\u00bbyes\u00bb right_padding_phone=\u00bb24px\u00bb text_color=\u00bbdark\u00bb text_align=\u00bbleft\u00bb row_border_radius=\u00bbnone\u00bb row_border_radius_applies=\u00bbbg\u00bb zindex=\u00bb10&#8243; overflow=\u00bbvisible\u00bb color_overlay=\u00bb#77a17d\u00bb color_overlay_2=\u00bbrgba(182,101,84,0.61)\u00bb advanced_gradient_angle=\u00bb0&#8243; overlay_strength=\u00bb0.8&#8243; gradient_direction=\u00bbtop_to_bottom\u00bb shape_divider_position=\u00bbbottom\u00bb bg_image_animation=\u00bbnone\u00bb parallax_bg=\u00bbtrue\u00bb parallax_bg_speed=\u00bbfast\u00bb shape_type=\u00bb\u00bb gradient_type=\u00bbdefault\u00bb][vc_column column_padding=\u00bbno-extra-padding\u00bb column_padding_tablet=\u00bbinherit\u00bb column_padding_phone=\u00bbinherit\u00bb column_padding_position=\u00bbright\u00bb column_element_direction_desktop=\u00bbdefault\u00bb column_element_spacing=\u00bbdefault\u00bb desktop_text_alignment=\u00bbdefault\u00bb tablet_text_alignment=\u00bbdefault\u00bb phone_text_alignment=\u00bbdefault\u00bb sticky_content=\u00bbtrue\u00bb sticky_content_functionality=\u00bbjs\u00bb background_color_opacity=\u00bb1&#8243; background_hover_color_opacity=\u00bb1&#8243; column_backdrop_filter=\u00bbnone\u00bb column_shadow=\u00bbnone\u00bb column_border_radius=\u00bbnone\u00bb column_link_target=\u00bb_self\u00bb column_position=\u00bbdefault\u00bb advanced_gradient_angle=\u00bb0&#8243; gradient_direction=\u00bbleft_to_right\u00bb overlay_strength=\u00bb0.3&#8243; width=\u00bb1\/2&#8243; tablet_width_inherit=\u00bbdefault\u00bb animation_type=\u00bbdefault\u00bb bg_image_animation=\u00bbnone\u00bb border_type=\u00bbsimple\u00bb column_border_width=\u00bbnone\u00bb column_border_style=\u00bbsolid\u00bb gradient_type=\u00bbdefault\u00bb column_padding_type=\u00bbdefault\u00bb][vc_raw_html]JTVCcHV0X3dwZ20lMjBpZCUzRDYlNUQ=[\/vc_raw_html][\/vc_column][vc_column column_padding=\u00bbno-extra-padding\u00bb column_padding_tablet=\u00bbinherit\u00bb column_padding_phone=\u00bbinherit\u00bb column_padding_position=\u00bball\u00bb column_element_direction_desktop=\u00bbdefault\u00bb column_element_spacing=\u00bbdefault\u00bb desktop_text_alignment=\u00bbdefault\u00bb tablet_text_alignment=\u00bbdefault\u00bb phone_text_alignment=\u00bbdefault\u00bb background_color_opacity=\u00bb1&#8243; background_hover_color_opacity=\u00bb1&#8243; column_backdrop_filter=\u00bbnone\u00bb column_shadow=\u00bbnone\u00bb column_border_radius=\u00bbnone\u00bb column_link_target=\u00bb_self\u00bb column_position=\u00bbdefault\u00bb gradient_direction=\u00bbleft_to_right\u00bb overlay_strength=\u00bb0.3&#8243; width=\u00bb1\/2&#8243; tablet_width_inherit=\u00bbdefault\u00bb animation_type=\u00bbdefault\u00bb bg_image_animation=\u00bbnone\u00bb border_type=\u00bbsimple\u00bb column_border_width=\u00bbnone\u00bb column_border_style=\u00bbsolid\u00bb][vc_row_inner column_margin=\u00bbdefault\u00bb column_direction=\u00bbdefault\u00bb column_direction_tablet=\u00bbdefault\u00bb column_direction_phone=\u00bbdefault\u00bb text_align=\u00bbleft\u00bb row_position=\u00bbdefault\u00bb row_position_tablet=\u00bbinherit\u00bb row_position_phone=\u00bbinherit\u00bb overflow=\u00bbvisible\u00bb pointer_events=\u00bball\u00bb][vc_column_inner column_padding=\u00bbno-extra-padding\u00bb column_padding_tablet=\u00bbinherit\u00bb column_padding_phone=\u00bbinherit\u00bb column_padding_position=\u00bball\u00bb bottom_margin=\u00bb60&#8243; column_element_direction_desktop=\u00bbdefault\u00bb column_element_spacing=\u00bbdefault\u00bb desktop_text_alignment=\u00bbright\u00bb tablet_text_alignment=\u00bbdefault\u00bb phone_text_alignment=\u00bbdefault\u00bb background_color_opacity=\u00bb1&#8243; background_hover_color_opacity=\u00bb1&#8243; column_backdrop_filter=\u00bbnone\u00bb column_shadow=\u00bbnone\u00bb column_border_radius=\u00bbnone\u00bb column_link_target=\u00bb_self\u00bb overflow=\u00bbvisible\u00bb gradient_direction=\u00bbleft_to_right\u00bb overlay_strength=\u00bb0.3&#8243; width=\u00bb1\/1&#8243; tablet_width_inherit=\u00bbdefault\u00bb animation_type=\u00bbdefault\u00bb bg_image_animation=\u00bbnone\u00bb border_type=\u00bbsimple\u00bb column_border_width=\u00bbnone\u00bb column_border_style=\u00bbsolid\u00bb column_padding_type=\u00bbdefault\u00bb gradient_type=\u00bbdefault\u00bb][nectar_btn size=\u00bblarge\u00bb button_style=\u00bbregular\u00bb button_color_2=\u00bbAccent-Color\u00bb color_override=\u00bb#dcb860&#8243; solid_text_color_override=\u00bb#000000&#8243; icon_family=\u00bbsteadysets\u00bb text=\u00bbCuaderno de viaje colectivo\u00bb url=\u00bbcuaderno-de-viaje-colectivo\/\u00bb icon_steadysets=\u00bbsteadysets-icon-bookmark\u00bb][\/vc_column_inner][\/vc_row_inner][nectar_badge display_tag=\u00bbbody\u00bb badge_style=\u00bbdefault\u00bb bg_color_type=\u00bbglobal\u00bb color=\u00bbaccent-color\u00bb text_color=\u00bb#ffffff\u00bb padding=\u00bbsmall\u00bb border_radius=\u00bb0px\u00bb display=\u00bbblock\u00bb text=\u00bbDijous (jueves) 2 de novembre\u00bb][vc_column_text]<b>8:30-11:15h<\/b> Madrid &gt; Barcelona<\/p>\n<p><span style=\"font-weight: 400;\">Tren AVE<\/span><\/p>\n<p><b>13:30<\/b> <b>Comida en<\/b> <b>Espai Diand\u00e9<\/b><\/p>\n<p><span style=\"font-weight: 400;\">Espai Diand\u00e9 es un proyecto impulsado por miembros de la comunidad senegalesa de Barcelona, que cree que <\/span><span style=\"font-weight: 400;\">la educaci\u00f3n es la mejor forma de contribuir al desarrollo, a la creaci\u00f3n de empleo autogestionado y sostenible, y a la transformaci\u00f3n social a partir de la fuerza comunitaria. Es por este motivo que, a parte del restaurante, lleva a cabo varios proyectos educativos en Senegal y Guinea Conakry, adem\u00e1s de dar charlas en escuelas catalanas para dar a conocer la realidad migratoria de los y las africanas.<\/span><\/p>\n<p><span style=\"font-weight: 400;\">Pau y Xavier se presentar\u00e1n y har\u00e1n una peque\u00f1a introducci\u00f3n al conflicto territorial que se vive actualmente en Catalunya.\u00a0<\/span><\/p>\n<p><b>15h.<\/b> Tour por el Raval organizado por OVNI<\/p>\n<p><span style=\"font-weight: 400;\">Recorrido a pie por el Raval. Visitaremos espacios vinculados a la cultura alternativa y autogestionada que sobreviven bajo la alargada sombra de los grandes equipamientos de cultura institucional como el el MACBA o el CCCB. La visita dialogar\u00e1 con var\u00edas piezas del archivo <\/span><a href=\"https:\/\/www.desorg.org\/\"><span style=\"font-weight: 400;\">OVNI<\/span><\/a><span style=\"font-weight: 400;\"> (Observatorio de V\u00eddeo No identificado)<\/span><\/p>\n<p><b>17:30 h. Fin de jornada<\/b>[\/vc_column_text][divider line_type=\u00bbNo Line\u00bb custom_height=\u00bb35&#8243;][nectar_badge display_tag=\u00bbbody\u00bb badge_style=\u00bbdefault\u00bb bg_color_type=\u00bbglobal\u00bb color=\u00bbaccent-color\u00bb text_color=\u00bb#ffffff\u00bb padding=\u00bbsmall\u00bb border_radius=\u00bb0px\u00bb display=\u00bbblock\u00bb text=\u00bbDivendres (viernes) 3 de novembre\u00bb][vc_column_text]<strong>9h.<\/strong> Salida del hotel hacia la BAU<\/p>\n<p><b>10h.<\/b> Taller \u2018Autofabricantes\u2019 de Francisco Diaz en la BAU<\/p>\n<p><span style=\"font-weight: 400;\">En el proyecto\u202f<\/span><a href=\"https:\/\/constelaciondeloscomunes.org\/autofabricantes-2\/\"><span style=\"font-weight: 400;\">Autofabricantes<\/span><\/a><span style=\"font-weight: 400;\">\u202fse crean y dise\u00f1an, de manera colectiva, pr\u00f3tesis y otros productos de apoyo para ni\u00f1os. La propuesta consiste en investigar metodolog\u00edas de dise\u00f1o colaborativo para la creaci\u00f3n de elementos con impacto en la salud y calidad de vida de las personas con diversidad funcional. Con ello se busca mejorar la calidad de vida de los usuarios, explorar el estudio mec\u00e1nico de los modelos y dedicarse a la investigaci\u00f3n sobre el aprendizaje de los alumnos universitarios que colaboran en los procesos de dise\u00f1o.\u00a0<\/span><\/p>\n<p><b>12h.<\/b> Paseo por la Superilla del Poblenou y Plaza de Glories<\/p>\n<p><span style=\"font-weight: 400;\">Visita a dos lugares emblem\u00e1ticos del nuevo urbanismo de Barcelona: Superilla Poblenou y Pla\u00e7a de Gl\u00f2ries. Se reflexionar\u00e1 sobre la progresiva desaparici\u00f3n del coche en las ciudades, sobre nuevas formas de movilidad y sobre la reconquista de un espacio p\u00fablico que debe dejar de ser espacio de paso para ser lugar de encuentro. El visionado previo del mediometraje \u2018<\/span><a href=\"https:\/\/youtu.be\/8YpPonRiRhs\"><span style=\"font-weight: 400;\">Kinder City<\/span><\/a><span style=\"font-weight: 400;\">\u2019 ayudar\u00e1 a la comprensi\u00f3n de la visita.<\/span><\/p>\n<p><b>13:30h.<\/b> <b>Comida en la Florister\u00eda de Sant Andreu<\/b><\/p>\n<p><a href=\"https:\/\/laflorimasadas.cat\/\"><span style=\"font-weight: 400;\">La Florister\u00eda<\/span><\/a><span style=\"font-weight: 400;\"> es una cooperativa de Gastronom\u00eda y cultura.<\/span><\/p>\n<p><b>14:45 h. Llegada al Can\u00f2drom\u00a0<\/b><\/p>\n<p><span style=\"font-weight: 400;\">Ubicado en una antigua instalaci\u00f3n municipal dedicada a las carreras de galgos, El <\/span><a href=\"https:\/\/canodrom.barcelona\/es\"><span style=\"font-weight: 400;\">Can\u00f2drom &#8211; Ateneo de Innovaci\u00f3n Digital y Democr\u00e1tica<\/span><\/a><span style=\"font-weight: 400;\"> es desde 2021 un laboratorio ciudadano en torno a las tecnolog\u00edas y la democracia. Un cruce entre las tecnolog\u00edas abiertas, los derechos digitales y la participaci\u00f3n ciudadana. Siguiendo el esp\u00edritu de los hist\u00f3ricos ateneos de Barcelona se trabaja hoy en d\u00eda en un amplio abanico de tem\u00e1ticas, como son la democracia, los derechos digitales, la cultura digital, los <\/span><i><span style=\"font-weight: 400;\">hackfeminismos<\/span><\/i><span style=\"font-weight: 400;\">, la educaci\u00f3n digital, las tecnolog\u00edas libres y su impacto ecol\u00f3gico.<\/span><\/p>\n<p><b>15:00 h <\/b>Proyecci\u00f3n del documental Ciutat Morta<\/p>\n<p><span style=\"font-weight: 400;\">Sinopsis corta del documental \u2018Ciutat Morta\u2019. Junio de 2013, un grupo de 800 personas entran en un cine abandonado del centro de Barcelona para proyectar un documental. Una vez dentro, cambian el nombre del edificio: el antiguo Palacio del Cine se llama a partir de ahora Cine Patricia Heras. \u00bfQui\u00e9n fue Patricia? \u00bfPor qu\u00e9 decidi\u00f3 quitarse la vida? Y lo m\u00e1s importante \u00bfqu\u00e9 tiene que ver Barcelona con su muerte? Una acci\u00f3n de desobediencia, con fuerte contenido simb\u00f3lico y un gran impacto medi\u00e1tico, que busca -a trav\u00e9s de la historia de Patricia- dar a conocer la otra cara de Barcelona, la Ciudad Muerta.\u00a0<\/span><\/p>\n<p><b>17:15 h <\/b>Tour por el recinto del Can\u00f2drom y explicaci\u00f3n del proyecto por parte de una t\u00e9cnica experta en TIC.<\/p>\n<p><b>18:00 h. <\/b>Fin de jornada[\/vc_column_text][divider line_type=\u00bbNo Line\u00bb custom_height=\u00bb35&#8243;][nectar_badge display_tag=\u00bbbody\u00bb badge_style=\u00bbdefault\u00bb bg_color_type=\u00bbglobal\u00bb color=\u00bbaccent-color\u00bb text_color=\u00bb#ffffff\u00bb padding=\u00bbsmall\u00bb border_radius=\u00bb0px\u00bb display=\u00bbblock\u00bb text=\u00bbDissabte (s\u00e1bado) 4 de novembre\u00bb][vc_column_text]<b>9h. Salida del hotel a la actividad<\/b><\/p>\n<p><b>10:30h.\u00a0 Ruta Ciutat Morta<\/b><\/p>\n<p><span style=\"font-weight: 400;\">La ruta encadenar\u00e1 los siguientes temas: Turismo, gentrificaci\u00f3n y represi\u00f3n: Ramblas (la ciudad muerta), comisar\u00eda de la Guardia Urbana \/ G\u00f3tico (el parque tem\u00e1tico de 1929), plaza George Orwell (la zona con m\u00e1s videovigilancia de la ciudad) \/ Born, Palau Al\u00f2s (centro del caso 4F que relata la pel\u00edcula), El forat de la vergonya (espacio de resistencia contra la gentrificaci\u00f3n) \u2192 Esta ruta incluye el Q&amp;A de Ciutat Morta que no se hizo el d\u00eda anterior.<\/span><\/p>\n<p><b>13:00<\/b> <b>Comida en <\/b><a href=\"https:\/\/www.google.com\/maps\/place\/Tapa+de+la+Xina\/@41.3903182,2.1628529,15z\/data=!4m6!3m5!1s0x12a4a2fb55e3e6b5:0x2ecd65cf29063ce1!8m2!3d41.3903011!4d2.1793473!16s%2Fg%2F11b7m9kt70?entry=ttu\"><b>Tapa de la China<\/b><\/a><\/p>\n<p><span style=\"font-weight: 400;\">En el centro de Barcelona hay una importante comunidad china, muy ignorada y estigmatizada. Comeremos en el \u00abchina town\u00bb de Barcelona para conocerlo de m\u00e1s cerca y tener la oportunidad para hablar de esta otra realidad migratoria.\u00a0<\/span><\/p>\n<p><b>14:30<\/b> <b>Pla\u00e7a Idrissa y el pasado colonial de Barcelona<\/b><\/p>\n<p><span style=\"font-weight: 400;\">Barcelona fue uno de los puntos m\u00e1s importantes del comercio de esclavos en el estado espa\u00f1ol. Frente al puerto desde el que salieron 30.000 personas africanas hacia al continente americano, una plaza fue dedicada a uno de los principales esclavistas de la ciudad: Antonio L\u00f3pez, el marqu\u00e9s de Comillas. No fue hasta el a\u00f1o 2018 que su estatua fue retirada. En 2022 el nombre de la plaza fue sustituido por el de <\/span><a href=\"https:\/\/www.eldiario.es\/catalunya\/idrissa-diallo-muerto-cie-reyes_1_5554373.html\"><span style=\"font-weight: 400;\">Idrissa Diallo<\/span><\/a><span style=\"font-weight: 400;\">: un joven que hab\u00eda muerto en el Centro de Inmigrantes de Barcelona. Estas acciones tuvieron lugar gracias a una fuerte campa\u00f1a ciudadana que denunciaba las pol\u00edticas racistas que a\u00fan imperan en la ciudad.<\/span><\/p>\n<p><b>15:00h Fin de la jornada.<\/b>[\/vc_column_text][divider line_type=\u00bbNo Line\u00bb custom_height=\u00bb35&#8243;][nectar_badge display_tag=\u00bbbody\u00bb badge_style=\u00bbdefault\u00bb bg_color_type=\u00bbglobal\u00bb color=\u00bbaccent-color\u00bb text_color=\u00bb#ffffff\u00bb padding=\u00bbsmall\u00bb border_radius=\u00bb0px\u00bb display=\u00bbblock\u00bb text=\u00bbDiumenge (domingo) 5 de novembre\u00bb][vc_column_text]<b>9h. Salida del hotel a la actividad<\/b><\/p>\n<p><b>10:30<\/b> <b>Proyecci\u00f3n y charla en la PAH de Barcelona<\/b><\/p>\n<p><span style=\"font-weight: 400;\">La Plataforma de Afectados por la Hipoteca o <\/span><a href=\"https:\/\/afectadosporlahipoteca.com\/\"><span style=\"font-weight: 400;\">PAH<\/span><\/a><span style=\"font-weight: 400;\"> es un movimiento social por el derecho a la vivienda. Nace en Barcelona en 2009 y crece por todo el Estado espa\u00f1ol. Es un movimiento horizontal, no-violento\u00a0 y apartidista. La PAH agrupa a personas con dificultades para pagar la hipoteca o el alquiler, y\/o que est\u00e1n en peligro de desahucio. Se re\u00fane de manera asamblearia para exponer los distintos casos de los afectados, ofrecer asesoramiento y ayuda mutua para encontrar apoyos tanto pr\u00e1cticos como emocionales.<\/span><\/p>\n<p><b>Proyecci\u00f3n del documental \u2018\u00a1S\u00ed se puede! Siete d\u00edas en PAH Barcelona\u2019<\/b><\/p>\n<p><span style=\"font-weight: 400;\">Documental donde se muestra el d\u00eda a d\u00eda de la PAH de Barcelona en lo que podr\u00eda ser una semana cualquiera en su incansable actividad. El documental ha metido las c\u00e1maras en las entra\u00f1as de la organizaci\u00f3n para visibilizar, adem\u00e1s del drama de los desahucios, el enorme trabajo invisible que existe detr\u00e1s de la PAH y el proceso de transformaci\u00f3n y empoderamiento de las personas que la componen.\u00a0<\/span><\/p>\n<p><b>13:00<\/b> <b>Comida<\/b><\/p>\n<p><span style=\"font-weight: 400;\">Comeremos en la superilla de c. Rocafort con c. Consell de Cent<\/span><\/p>\n<p><b>15:00 <\/b>Visita a la antigua c\u00e1rcel Modelo de Barcelona (Xavi i Pau)<\/p>\n<p><a href=\"https:\/\/www.lamodel.barcelona\/es\"><span style=\"font-weight: 400;\">La Model, Espacio Memorial<\/span><\/a><span style=\"font-weight: 400;\"> es un proyecto que recupera e interpreta la historia de este antiguo centro penitenciario. Durante 113 a\u00f1os, La Modelo acogi\u00f3 a miles de presos, miles de historias que hay que mantener vivas para recordar la importancia que tuvo este lugar en la Barcelona del siglo XX<\/span><\/p>\n<p><b>16:00<\/b> Fin de la jornada[\/vc_column_text][divider line_type=\u00bbNo Line\u00bb custom_height=\u00bb35&#8243;][nectar_badge display_tag=\u00bbbody\u00bb badge_style=\u00bbdefault\u00bb bg_color_type=\u00bbglobal\u00bb color=\u00bbaccent-color\u00bb text_color=\u00bb#ffffff\u00bb padding=\u00bbsmall\u00bb border_radius=\u00bb0px\u00bb display=\u00bbblock\u00bb text=\u00bbDilluns (lunes) 6 de novembre\u00bb][vc_column_text]<b>8-9h. <\/b><span style=\"font-weight: 400;\">Desayuno en el hotel<\/span><\/p>\n<p><b>13h. <\/b>Nos vemos directamente en la estaci\u00f3n de trenes (comprar bocata para comer por cuenta propia en el tren)<\/p>\n<p><b>Barcelona &#8211; Madrid<\/b><\/p>\n<p><span style=\"font-weight: 400;\">6 nov 2023, 14:00 &#8211; 17:12h.<\/span>[\/vc_column_text][\/vc_column][\/vc_row][vc_row type=\u00bbin_container\u00bb full_screen_row_position=\u00bbmiddle\u00bb column_margin=\u00bbdefault\u00bb column_direction=\u00bbdefault\u00bb column_direction_tablet=\u00bbdefault\u00bb column_direction_phone=\u00bbdefault\u00bb scene_position=\u00bbcenter\u00bb text_color=\u00bbdark\u00bb text_align=\u00bbleft\u00bb row_border_radius=\u00bbnone\u00bb row_border_radius_applies=\u00bbbg\u00bb overflow=\u00bbvisible\u00bb overlay_strength=\u00bb0.3&#8243; gradient_direction=\u00bbleft_to_right\u00bb shape_divider_position=\u00bbbottom\u00bb bg_image_animation=\u00bbnone\u00bb][vc_column column_padding=\u00bbno-extra-padding\u00bb column_padding_tablet=\u00bbinherit\u00bb column_padding_phone=\u00bbinherit\u00bb column_padding_position=\u00bball\u00bb column_element_direction_desktop=\u00bbdefault\u00bb column_element_spacing=\u00bbdefault\u00bb desktop_text_alignment=\u00bbdefault\u00bb tablet_text_alignment=\u00bbdefault\u00bb phone_text_alignment=\u00bbdefault\u00bb background_color_opacity=\u00bb1&#8243; background_hover_color_opacity=\u00bb1&#8243; column_backdrop_filter=\u00bbnone\u00bb column_shadow=\u00bbnone\u00bb column_border_radius=\u00bbnone\u00bb column_link_target=\u00bb_self\u00bb column_position=\u00bbdefault\u00bb gradient_direction=\u00bbleft_to_right\u00bb overlay_strength=\u00bb0.3&#8243; width=\u00bb1\/1&#8243; tablet_width_inherit=\u00bbdefault\u00bb animation_type=\u00bbdefault\u00bb bg_image_animation=\u00bbnone\u00bb border_type=\u00bbsimple\u00bb column_border_width=\u00bbnone\u00bb column_border_style=\u00bbsolid\u00bb][nectar_post_grid post_type=\u00bbcustom\u00bb cpt_name=\u00bbpost\u00bb order=\u00bbASC\u00bb orderby=\u00bbtitle\u00bb pagination=\u00bbnone\u00bb grid_item_spacing=\u00bb25px\u00bb enable_sortable=\u00bbyes\u00bb sortable_alignment=\u00bbdefault\u00bb sortable_color=\u00bbdefault\u00bb image_size=\u00bbportfolio-thumb_large\u00bb image_loading=\u00bbdefault\u00bb animation=\u00bbfade-in-from-bottom\u00bb animation_stagger=\u00bb90&#8243; animation_easing=\u00bbdefault\u00bb heading_tag=\u00bbh4&#8243; additional_meta_size=\u00bbdefault\u00bb grid_style=\u00bbvertical_list\u00bb vertical_list_hover_effect=\u00bbslight_move\u00bb vertical_list_border_color=\u00bb#000000&#8243; text_color=\u00bbdark\u00bb posts_per_page=\u00bb20&#8243; display_type=\u00bbgrid\u00bb custom_query_tax=\u00bb22, 23&#8243;][\/vc_column][\/vc_row]\n","protected":false},"excerpt":{"rendered":"<p>[vc_row type=\u00bbfull_width_background\u00bb full_screen_row_position=\u00bbmiddle\u00bb column_margin=\u00bbdefault\u00bb column_direction=\u00bbdefault\u00bb column_direction_tablet=\u00bbdefault\u00bb column_direction_phone=\u00bbdefault\u00bb scene_position=\u00bbcenter\u00bb top_padding=\u00bb5%\u00bb bottom_padding=\u00bb4%\u00bb text_color=\u00bbdark\u00bb text_align=\u00bbleft\u00bb row_border_radius=\u00bbnone\u00bb row_border_radius_applies=\u00bbbg\u00bb overflow=\u00bbvisible\u00bb overlay_strength=\u00bb0.3&#8243; gradient_direction=\u00bbleft_to_right\u00bb shape_divider_position=\u00bbbottom\u00bb bg_image_animation=\u00bbnone\u00bb shape_type=\u00bbfan\u00bb gradient_type=\u00bbdefault\u00bb][vc_column column_padding=\u00bbno-extra-padding\u00bb column_padding_tablet=\u00bbinherit\u00bb column_padding_phone=\u00bbinherit\u00bb column_padding_position=\u00bball\u00bb column_element_direction_desktop=\u00bbdefault\u00bb column_element_spacing=\u00bbdefault\u00bb desktop_text_alignment=\u00bbdefault\u00bb tablet_text_alignment=\u00bbdefault\u00bb phone_text_alignment=\u00bbdefault\u00bb&#8230;<\/p>\n","protected":false},"author":2,"featured_media":0,"parent":0,"menu_order":0,"comment_status":"closed","ping_status":"closed","template":"","meta":{"footnotes":""},"class_list":["post-354","page","type-page","status-publish"],"_links":{"self":[{"href":"https:\/\/welcomespanishrevolution.com\/ocs2023\/wp-json\/wp\/v2\/pages\/354","targetHints":{"allow":["GET"]}}],"collection":[{"href":"https:\/\/welcomespanishrevolution.com\/ocs2023\/wp-json\/wp\/v2\/pages"}],"about":[{"href":"https:\/\/welcomespanishrevolution.com\/ocs2023\/wp-json\/wp\/v2\/types\/page"}],"author":[{"embeddable":true,"href":"https:\/\/welcomespanishrevolution.com\/ocs2023\/wp-json\/wp\/v2\/users\/2"}],"replies":[{"embeddable":true,"href":"https:\/\/welcomespanishrevolution.com\/ocs2023\/wp-json\/wp\/v2\/comments?post=354"}],"version-history":[{"count":16,"href":"https:\/\/welcomespanishrevolution.com\/ocs2023\/wp-json\/wp\/v2\/pages\/354\/revisions"}],"predecessor-version":[{"id":589,"href":"https:\/\/welcomespanishrevolution.com\/ocs2023\/wp-json\/wp\/v2\/pages\/354\/revisions\/589"}],"wp:attachment":[{"href":"https:\/\/welcomespanishrevolution.com\/ocs2023\/wp-json\/wp\/v2\/media?parent=354"}],"curies":[{"name":"wp","href":"https:\/\/api.w.org\/{rel}","templated":true}]}}